{"id":5900,"date":"2018-11-29T18:12:09","date_gmt":"2018-11-29T17:12:09","guid":{"rendered":"https:\/\/chironfils-huitres.com\/?page_id=5900"},"modified":"2023-07-20T17:20:14","modified_gmt":"2023-07-20T15:20:14","slug":"nos-marches","status":"publish","type":"page","link":"https:\/\/chironfils-huitres.com\/?page_id=5900","title":{"rendered":"Nos Points de Vente"},"content":{"rendered":"\n<div class=\"wp-block-columns has-3-columns\">\n<div class=\"wp-block-column\">\n<h5 class=\"has-text-align-center\">D\u00e9gustation L&rsquo;Ecaille Chironfils<\/h5>\n\n\n\n<div class=\"wp-block-button aligncenter\"><a class=\"wp-block-button__link\" href=\"https:\/\/chironfils-huitres.com\/?page_id=7100\">EN SAVOIR PLUS<\/a><\/div>\n\n\n\n<p><\/p>\n<\/div>\n\n\n\n<div class=\"wp-block-column\">\n<h5 class=\"has-text-align-center\">Rh\u00f4ne-Alpes<\/h5>\n\n\n\n<div class=\"wp-block-button aligncenter\"><a class=\"wp-block-button__link\" href=\"https:\/\/chironfils-huitres.com\/?page_id=5920\">EN SAVOIR PLUS<\/a><\/div>\n\n\n\n<p><\/p>\n<\/div>\n\n\n\n<div class=\"wp-block-column\">\n<h5 class=\"has-text-align-center\">Reims<\/h5>\n\n\n\n<div class=\"wp-block-button aligncenter\"><a class=\"wp-block-button__link\" href=\"https:\/\/chironfils-huitres.com\/?page_id=5923\">EN SAVOIR PLUS<\/a><\/div>\n<\/div>\n<\/div>\n\n\n\n<div class=\"wp-block-cover alignfull has-background-dim\"><img loading=\"lazy\" width=\"2038\" height=\"1354\" class=\"wp-block-cover__image-background wp-image-6148\" alt=\"\" src=\"https:\/\/chironfils-huitres.com\/wp-content\/uploads\/2018\/12\/Capture-d\u2019e\u0301cran-2018-12-06-a\u0300-17.27.11.png\" data-object-fit=\"cover\" srcset=\"https:\/\/chironfils-huitres.com\/wp-content\/uploads\/2018\/12\/Capture-d\u2019e\u0301cran-2018-12-06-a\u0300-17.27.11.png 2038w, https:\/\/chironfils-huitres.com\/wp-content\/uploads\/2018\/12\/Capture-d\u2019e\u0301cran-2018-12-06-a\u0300-17.27.11-300x199.png 300w, https:\/\/chironfils-huitres.com\/wp-content\/uploads\/2018\/12\/Capture-d\u2019e\u0301cran-2018-12-06-a\u0300-17.27.11-768x510.png 768w, https:\/\/chironfils-huitres.com\/wp-content\/uploads\/2018\/12\/Capture-d\u2019e\u0301cran-2018-12-06-a\u0300-17.27.11-1024x680.png 1024w, https:\/\/chironfils-huitres.com\/wp-content\/uploads\/2018\/12\/Capture-d\u2019e\u0301cran-2018-12-06-a\u0300-17.27.11-83x55.png 83w, https:\/\/chironfils-huitres.com\/wp-content\/uploads\/2018\/12\/Capture-d\u2019e\u0301cran-2018-12-06-a\u0300-17.27.11-2000x1329.png 2000w, https:\/\/chironfils-huitres.com\/wp-content\/uploads\/2018\/12\/Capture-d\u2019e\u0301cran-2018-12-06-a\u0300-17.27.11-1000x664.png 1000w, https:\/\/chironfils-huitres.com\/wp-content\/uploads\/2018\/12\/Capture-d\u2019e\u0301cran-2018-12-06-a\u0300-17.27.11-1800x1196.png 1800w, https:\/\/chironfils-huitres.com\/wp-content\/uploads\/2018\/12\/Capture-d\u2019e\u0301cran-2018-12-06-a\u0300-17.27.11-600x399.png 600w, https:\/\/chironfils-huitres.com\/wp-content\/uploads\/2018\/12\/Capture-d\u2019e\u0301cran-2018-12-06-a\u0300-17.27.11-843x560.png 843w\" sizes=\"(max-width: 2038px) 100vw, 2038px\" \/><div class=\"wp-block-cover__inner-container\">\n<p class=\"has-text-align-center has-large-font-size\">La Cabane&nbsp;<br> Ouvert toute l&rsquo;ann\u00e9e<\/p>\n<\/div><\/div>\n\n\n\n<div class=\"wp-block-media-text alignwide has-media-on-the-right is-stacked-on-mobile\" style=\"grid-template-columns:auto 38%\"><figure class=\"wp-block-media-text__media\"><img loading=\"lazy\" width=\"1024\" height=\"680\" src=\"https:\/\/chironfils-huitres.com\/wp-content\/uploads\/2018\/12\/Capture-d\u2019e\u0301cran-2018-12-06-a\u0300-17.28.43-1024x680.png\" alt=\"\" class=\"wp-image-6150 size-full\" srcset=\"https:\/\/chironfils-huitres.com\/wp-content\/uploads\/2018\/12\/Capture-d\u2019e\u0301cran-2018-12-06-a\u0300-17.28.43-1024x680.png 1024w, https:\/\/chironfils-huitres.com\/wp-content\/uploads\/2018\/12\/Capture-d\u2019e\u0301cran-2018-12-06-a\u0300-17.28.43-300x199.png 300w, https:\/\/chironfils-huitres.com\/wp-content\/uploads\/2018\/12\/Capture-d\u2019e\u0301cran-2018-12-06-a\u0300-17.28.43-768x510.png 768w, https:\/\/chironfils-huitres.com\/wp-content\/uploads\/2018\/12\/Capture-d\u2019e\u0301cran-2018-12-06-a\u0300-17.28.43-83x55.png 83w, https:\/\/chironfils-huitres.com\/wp-content\/uploads\/2018\/12\/Capture-d\u2019e\u0301cran-2018-12-06-a\u0300-17.28.43-2000x1329.png 2000w, https:\/\/chironfils-huitres.com\/wp-content\/uploads\/2018\/12\/Capture-d\u2019e\u0301cran-2018-12-06-a\u0300-17.28.43-1000x664.png 1000w, https:\/\/chironfils-huitres.com\/wp-content\/uploads\/2018\/12\/Capture-d\u2019e\u0301cran-2018-12-06-a\u0300-17.28.43-1800x1196.png 1800w, https:\/\/chironfils-huitres.com\/wp-content\/uploads\/2018\/12\/Capture-d\u2019e\u0301cran-2018-12-06-a\u0300-17.28.43-600x399.png 600w, https:\/\/chironfils-huitres.com\/wp-content\/uploads\/2018\/12\/Capture-d\u2019e\u0301cran-2018-12-06-a\u0300-17.28.43-843x560.png 843w, https:\/\/chironfils-huitres.com\/wp-content\/uploads\/2018\/12\/Capture-d\u2019e\u0301cran-2018-12-06-a\u0300-17.28.43.png 2038w\" sizes=\"(max-width: 1024px) 100vw, 1024px\" \/><\/figure><div class=\"wp-block-media-text__content\">\n<p><\/p>\n\n\n\n<p class=\"has-text-align-center\">Site Historique de l\u2019Eguille&nbsp;<\/p>\n\n\n\n<p class=\"has-text-align-center\">&nbsp;Vente directe \u00e0 emporter toute l\u2019ann\u00e9e<\/p>\n\n\n\n<p class=\"has-text-align-center\">Ouverte du Lundi au Vendredi de 8h00 \u00e0 12h00 et de 14h00 \u00e0 17h30<\/p>\n\n\n\n<p class=\"has-text-align-center\">Le Port &#8211; 17600 L\u2019EGUILLE<\/p>\n\n\n\n<p><\/p>\n<\/div><\/div>\n","protected":false},"excerpt":{"rendered":"<p>D\u00e9gustation L&rsquo;Ecaille Chironfils Rh\u00f4ne-Alpes Reims Site Historique de l\u2019Eguille&nbsp; &nbsp;Vente directe \u00e0 emporter toute l\u2019ann\u00e9e Ouverte du Lundi au Vendredi de 8h00 \u00e0 12h00 et de 14h00 \u00e0 17h30 Le Port &#8211; 17600 L\u2019EGUILLE<\/p>\n","protected":false},"author":1,"featured_media":0,"parent":0,"menu_order":0,"comment_status":"closed","ping_status":"closed","template":"","meta":[],"_links":{"self":[{"href":"https:\/\/chironfils-huitres.com\/index.php?rest_route=\/wp\/v2\/pages\/5900"}],"collection":[{"href":"https:\/\/chironfils-huitres.com\/index.php?rest_route=\/wp\/v2\/pages"}],"about":[{"href":"https:\/\/chironfils-huitres.com\/index.php?rest_route=\/wp\/v2\/types\/page"}],"author":[{"embeddable":true,"href":"https:\/\/chironfils-huitres.com\/index.php?rest_route=\/wp\/v2\/users\/1"}],"replies":[{"embeddable":true,"href":"https:\/\/chironfils-huitres.com\/index.php?rest_route=%2Fwp%2Fv2%2Fcomments&post=5900"}],"version-history":[{"count":18,"href":"https:\/\/chironfils-huitres.com\/index.php?rest_route=\/wp\/v2\/pages\/5900\/revisions"}],"predecessor-version":[{"id":7107,"href":"https:\/\/chironfils-huitres.com\/index.php?rest_route=\/wp\/v2\/pages\/5900\/revisions\/7107"}],"wp:attachment":[{"href":"https:\/\/chironfils-huitres.com\/index.php?rest_route=%2Fwp%2Fv2%2Fmedia&parent=5900"}],"curies":[{"name":"wp","href":"https:\/\/api.w.org\/{rel}","templated":true}]}}