{"id":6861,"date":"2022-11-25T14:48:56","date_gmt":"2022-11-25T13:48:56","guid":{"rendered":"https:\/\/chironfils-huitres.com\/?page_id=6861"},"modified":"2023-01-18T17:15:27","modified_gmt":"2023-01-18T16:15:27","slug":"nos-actualites","status":"publish","type":"page","link":"https:\/\/chironfils-huitres.com\/?page_id=6861","title":{"rendered":"Nos Actualit\u00e9s"},"content":{"rendered":"\n<h3 class=\"has-text-align-center\"><strong>L&rsquo;HU\u00ceTRE FINE DE CLAIRE VERTE LABEL ROUGE<\/strong><\/h3>\n\n\n\n<p>La Fine de Claire Verte a \u00e9t\u00e9 le premier produit de la mer \u00e0 obtenir le Label Rouge, bien avant les autres produits comme le Saumon ou la Coquille St Jacques.<\/p>\n\n\n\n<div class=\"wp-block-columns\">\n<div class=\"wp-block-column\">\n<div class=\"wp-block-group\"><div class=\"wp-block-group__inner-container\">\n<figure class=\"wp-block-image size-large\"><a href=\"https:\/\/chironfils-huitres.com\/wp-content\/uploads\/2023\/01\/DSC07799-5-scaled.jpg\"><img loading=\"lazy\" width=\"2560\" height=\"1707\" src=\"https:\/\/chironfils-huitres.com\/wp-content\/uploads\/2023\/01\/DSC07799-5-edited-scaled.jpg\" alt=\"\" class=\"wp-image-7073\" srcset=\"https:\/\/chironfils-huitres.com\/wp-content\/uploads\/2023\/01\/DSC07799-5-edited-scaled.jpg 2560w, https:\/\/chironfils-huitres.com\/wp-content\/uploads\/2023\/01\/DSC07799-5-edited-300x200.jpg 300w, https:\/\/chironfils-huitres.com\/wp-content\/uploads\/2023\/01\/DSC07799-5-edited-1024x683.jpg 1024w, https:\/\/chironfils-huitres.com\/wp-content\/uploads\/2023\/01\/DSC07799-5-edited-768x512.jpg 768w, https:\/\/chironfils-huitres.com\/wp-content\/uploads\/2023\/01\/DSC07799-5-edited-83x55.jpg 83w, https:\/\/chironfils-huitres.com\/wp-content\/uploads\/2023\/01\/DSC07799-5-edited-1536x1024.jpg 1536w, https:\/\/chironfils-huitres.com\/wp-content\/uploads\/2023\/01\/DSC07799-5-edited-2048x1365.jpg 2048w, https:\/\/chironfils-huitres.com\/wp-content\/uploads\/2023\/01\/DSC07799-5-edited-2000x1333.jpg 2000w, https:\/\/chironfils-huitres.com\/wp-content\/uploads\/2023\/01\/DSC07799-5-edited-1000x667.jpg 1000w, https:\/\/chironfils-huitres.com\/wp-content\/uploads\/2023\/01\/DSC07799-5-edited-1800x1200.jpg 1800w, https:\/\/chironfils-huitres.com\/wp-content\/uploads\/2023\/01\/DSC07799-5-edited-600x400.jpg 600w, https:\/\/chironfils-huitres.com\/wp-content\/uploads\/2023\/01\/DSC07799-5-edited-840x560.jpg 840w\" sizes=\"(max-width: 2560px) 100vw, 2560px\" \/><\/a><\/figure>\n<\/div><\/div>\n<\/div>\n\n\n\n<div class=\"wp-block-column\">\n<div class=\"wp-block-group\"><div class=\"wp-block-group__inner-container\">\n<figure class=\"wp-block-gallery columns-1 is-cropped\"><ul class=\"blocks-gallery-grid\"><li class=\"blocks-gallery-item\"><figure><a href=\"https:\/\/chironfils-huitres.com\/wp-content\/uploads\/2023\/01\/DSC_0671-8-scaled.jpg\"><img loading=\"lazy\" width=\"1024\" height=\"683\" src=\"https:\/\/chironfils-huitres.com\/wp-content\/uploads\/2023\/01\/DSC_0671-8-1024x683.jpg\" alt=\"\" data-id=\"7071\" data-full-url=\"https:\/\/chironfils-huitres.com\/wp-content\/uploads\/2023\/01\/DSC_0671-8-scaled.jpg\" data-link=\"https:\/\/chironfils-huitres.com\/?attachment_id=7071\" class=\"wp-image-7071\" srcset=\"https:\/\/chironfils-huitres.com\/wp-content\/uploads\/2023\/01\/DSC_0671-8-1024x683.jpg 1024w, https:\/\/chironfils-huitres.com\/wp-content\/uploads\/2023\/01\/DSC_0671-8-300x200.jpg 300w, https:\/\/chironfils-huitres.com\/wp-content\/uploads\/2023\/01\/DSC_0671-8-768x512.jpg 768w, https:\/\/chironfils-huitres.com\/wp-content\/uploads\/2023\/01\/DSC_0671-8-83x55.jpg 83w, https:\/\/chironfils-huitres.com\/wp-content\/uploads\/2023\/01\/DSC_0671-8-1536x1024.jpg 1536w, https:\/\/chironfils-huitres.com\/wp-content\/uploads\/2023\/01\/DSC_0671-8-2048x1365.jpg 2048w, https:\/\/chironfils-huitres.com\/wp-content\/uploads\/2023\/01\/DSC_0671-8-2000x1333.jpg 2000w, https:\/\/chironfils-huitres.com\/wp-content\/uploads\/2023\/01\/DSC_0671-8-1000x667.jpg 1000w, https:\/\/chironfils-huitres.com\/wp-content\/uploads\/2023\/01\/DSC_0671-8-1800x1200.jpg 1800w, https:\/\/chironfils-huitres.com\/wp-content\/uploads\/2023\/01\/DSC_0671-8-600x400.jpg 600w, https:\/\/chironfils-huitres.com\/wp-content\/uploads\/2023\/01\/DSC_0671-8-840x560.jpg 840w\" sizes=\"(max-width: 1024px) 100vw, 1024px\" \/><\/a><\/figure><\/li><\/ul><\/figure>\n<\/div><\/div>\n<\/div>\n<\/div>\n\n\n\n<p>La particularit\u00e9 de la Fine de Claire Verte est d\u2019\u00eatre une hu\u00eetre s\u00e9lectionn\u00e9e pour sa chair et sa forme sup\u00e9rieures. <br>Elle obtient la couleur verte naturellement dans la Claire gr\u00e2ce \u00e0 une microalgue pr\u00e9sente, la navicule bleue (<em>Haslea ostrearia<\/em>) \u00e9galement appel\u00e9 la Marennine, qui se d\u00e9veloppe de fa\u00e7on rare et al\u00e9atoire.<\/p>\n\n\n\n<div class=\"wp-block-image\"><figure class=\"aligncenter size-large\"><img loading=\"lazy\" width=\"280\" height=\"180\" src=\"https:\/\/chironfils-huitres.com\/wp-content\/uploads\/2023\/01\/index-1.jpg\" alt=\"\" class=\"wp-image-7077\" srcset=\"https:\/\/chironfils-huitres.com\/wp-content\/uploads\/2023\/01\/index-1.jpg 280w, https:\/\/chironfils-huitres.com\/wp-content\/uploads\/2023\/01\/index-1-86x55.jpg 86w\" sizes=\"(max-width: 280px) 100vw, 280px\" \/><\/figure><\/div>\n\n\n\n<p>Le d\u00e9veloppement de la navicule bleue est obligatoirement naturel et lui donne une couleur \u00e9patante.<br>Elle est affin\u00e9e en Claire pendant minimum 4 semaines avec une densit\u00e9 d\u2019environ 30 hu\u00eetres \/ m\u00b2.<br><br>La Fine de Claire Verte Label Rouge est une hu\u00eetre d\u2019exception produite uniquement dans l\u2019aire de l\u2019Indication G\u00e9ographique Prot\u00e9g\u00e9e (IGP) Marennes Ol\u00e9ron.<br>Elle a un go\u00fbt de terroir fin et iod\u00e9.<\/p>\n\n\n\n<div class=\"wp-block-image\"><figure class=\"aligncenter size-large\"><a href=\"https:\/\/chironfils-huitres.com\/wp-content\/uploads\/2019\/08\/Verte-LR.jpg\"><img loading=\"lazy\" width=\"1024\" height=\"683\" src=\"https:\/\/chironfils-huitres.com\/wp-content\/uploads\/2019\/08\/Verte-LR-1024x683.jpg\" alt=\"\" class=\"wp-image-7033\" srcset=\"https:\/\/chironfils-huitres.com\/wp-content\/uploads\/2019\/08\/Verte-LR-1024x683.jpg 1024w, https:\/\/chironfils-huitres.com\/wp-content\/uploads\/2019\/08\/Verte-LR-300x200.jpg 300w, https:\/\/chironfils-huitres.com\/wp-content\/uploads\/2019\/08\/Verte-LR-768x512.jpg 768w, https:\/\/chironfils-huitres.com\/wp-content\/uploads\/2019\/08\/Verte-LR-83x55.jpg 83w, https:\/\/chironfils-huitres.com\/wp-content\/uploads\/2019\/08\/Verte-LR-1536x1024.jpg 1536w, https:\/\/chironfils-huitres.com\/wp-content\/uploads\/2019\/08\/Verte-LR-2048x1365.jpg 2048w, https:\/\/chironfils-huitres.com\/wp-content\/uploads\/2019\/08\/Verte-LR-2000x1333.jpg 2000w, https:\/\/chironfils-huitres.com\/wp-content\/uploads\/2019\/08\/Verte-LR-1000x667.jpg 1000w, https:\/\/chironfils-huitres.com\/wp-content\/uploads\/2019\/08\/Verte-LR-1800x1200.jpg 1800w, https:\/\/chironfils-huitres.com\/wp-content\/uploads\/2019\/08\/Verte-LR-600x400.jpg 600w, https:\/\/chironfils-huitres.com\/wp-content\/uploads\/2019\/08\/Verte-LR-840x560.jpg 840w\" sizes=\"(max-width: 1024px) 100vw, 1024px\" \/><\/a><\/figure><\/div>\n\n\n\n<p><\/p>\n\n\n\n<p><\/p>\n\n\n\n<p><\/p>\n\n\n\n<p><\/p>\n\n\n\n<p><\/p>\n\n\n\n<h3 class=\"has-text-align-center\"><strong>L&rsquo;HU\u00ceTRE POUSSE EN CLAIRE LABEL ROUGE<\/strong><\/h3>\n\n\n\n<p>La Pousse Claire est une hu\u00eetre d\u2019exception produite uniquement dans l\u2019aire g\u00e9ographique de l\u2019Indication G\u00e9ographique Prot\u00e9g\u00e9e (IGP) Marennes Ol\u00e9ron.<br>Elle est \u00e9lev\u00e9e dans nos Claires \u00e0 une tr\u00e8s faible densit\u00e9 de 2 hu\u00eetres \/ m\u00b2 pendant minimum 4 mois.<\/p>\n\n\n\n<p>Nous posons les premi\u00e8res hu\u00eetres dans nos Claires d\u00e8s le mois de Juin. Elles sont p\u00each\u00e9es \u00e0 partir du mois d\u2019Octobre et la saison se termine \u00e0 la fin du mois d\u2019Avril.<\/p>\n\n\n\n<p>Les hu\u00eetres mises en Claire en Juin ont une taille de n\u00b04, soit environ 50 gr \/ hu\u00eetre.<\/p>\n\n\n\n<figure class=\"wp-block-gallery columns-1 is-cropped\"><ul class=\"blocks-gallery-grid\"><li class=\"blocks-gallery-item\"><figure><a href=\"https:\/\/chironfils-huitres.com\/wp-content\/uploads\/2022\/11\/DSC_0102-6-scaled.jpg\"><img loading=\"lazy\" width=\"1024\" height=\"683\" src=\"https:\/\/chironfils-huitres.com\/wp-content\/uploads\/2022\/11\/DSC_0102-6-1024x683.jpg\" alt=\"\" data-id=\"6888\" data-full-url=\"https:\/\/chironfils-huitres.com\/wp-content\/uploads\/2022\/11\/DSC_0102-6-scaled.jpg\" data-link=\"https:\/\/chironfils-huitres.com\/?attachment_id=6888\" class=\"wp-image-6888\" srcset=\"https:\/\/chironfils-huitres.com\/wp-content\/uploads\/2022\/11\/DSC_0102-6-1024x683.jpg 1024w, https:\/\/chironfils-huitres.com\/wp-content\/uploads\/2022\/11\/DSC_0102-6-300x200.jpg 300w, https:\/\/chironfils-huitres.com\/wp-content\/uploads\/2022\/11\/DSC_0102-6-768x512.jpg 768w, https:\/\/chironfils-huitres.com\/wp-content\/uploads\/2022\/11\/DSC_0102-6-83x55.jpg 83w, https:\/\/chironfils-huitres.com\/wp-content\/uploads\/2022\/11\/DSC_0102-6-1536x1024.jpg 1536w, https:\/\/chironfils-huitres.com\/wp-content\/uploads\/2022\/11\/DSC_0102-6-2048x1365.jpg 2048w, https:\/\/chironfils-huitres.com\/wp-content\/uploads\/2022\/11\/DSC_0102-6-2000x1333.jpg 2000w, https:\/\/chironfils-huitres.com\/wp-content\/uploads\/2022\/11\/DSC_0102-6-1000x667.jpg 1000w, https:\/\/chironfils-huitres.com\/wp-content\/uploads\/2022\/11\/DSC_0102-6-1800x1200.jpg 1800w, https:\/\/chironfils-huitres.com\/wp-content\/uploads\/2022\/11\/DSC_0102-6-600x400.jpg 600w, https:\/\/chironfils-huitres.com\/wp-content\/uploads\/2022\/11\/DSC_0102-6-840x560.jpg 840w\" sizes=\"(max-width: 1024px) 100vw, 1024px\" \/><\/a><\/figure><\/li><\/ul><\/figure>\n\n\n\n<div class=\"wp-block-group\"><div class=\"wp-block-group__inner-container\">\n<div class=\"wp-block-group\"><div class=\"wp-block-group__inner-container\">\n<p>La particularit\u00e9 de cet \u00e9levage \u00e0 faible densit\u00e9 est d\u2019obtenir une hu\u00eetre tr\u00e8s charnue avec une forte croissance, gr\u00e2ce \u00e0 une quantit\u00e9 importante de phytoplancton (nourriture).<\/p>\n\n\n\n<p>Le phytoplancton est une microalgue v\u00e9g\u00e9tale dont l\u2019hu\u00eetre se nourrit naturellement. Les coquillages sont actuellement les seuls animaux qui ne sont pas nourris et soign\u00e9s par la main de l\u2019homme.<\/p>\n\n\n\n<p>Les hu\u00eetres sont tri\u00e9es \u00e0 la main selon leur taille au terme de l\u2019\u00e9levage et r\u00e9parties en n\u00b01 (\u00b1 140 gr \/ hu\u00eetre), n\u00b02 (\u00b1 100 gr \/ hu\u00eetre) et n\u00b03 (\u00b1 80 gr \/ hu\u00eetre).<\/p>\n<\/div><\/div>\n<\/div><\/div>\n\n\n\n<figure class=\"wp-block-gallery columns-2 is-cropped\"><ul class=\"blocks-gallery-grid\"><li class=\"blocks-gallery-item\"><figure><a href=\"https:\/\/chironfils-huitres.com\/wp-content\/uploads\/2022\/11\/DSC_0033-scaled.jpg\"><img loading=\"lazy\" width=\"1024\" height=\"683\" src=\"https:\/\/chironfils-huitres.com\/wp-content\/uploads\/2022\/11\/DSC_0033-1024x683.jpg\" alt=\"\" data-id=\"6874\" data-full-url=\"https:\/\/chironfils-huitres.com\/wp-content\/uploads\/2022\/11\/DSC_0033-scaled.jpg\" data-link=\"https:\/\/chironfils-huitres.com\/?attachment_id=6874\" class=\"wp-image-6874\" srcset=\"https:\/\/chironfils-huitres.com\/wp-content\/uploads\/2022\/11\/DSC_0033-1024x683.jpg 1024w, https:\/\/chironfils-huitres.com\/wp-content\/uploads\/2022\/11\/DSC_0033-300x200.jpg 300w, https:\/\/chironfils-huitres.com\/wp-content\/uploads\/2022\/11\/DSC_0033-768x512.jpg 768w, https:\/\/chironfils-huitres.com\/wp-content\/uploads\/2022\/11\/DSC_0033-83x55.jpg 83w, https:\/\/chironfils-huitres.com\/wp-content\/uploads\/2022\/11\/DSC_0033-1536x1024.jpg 1536w, https:\/\/chironfils-huitres.com\/wp-content\/uploads\/2022\/11\/DSC_0033-2048x1365.jpg 2048w, https:\/\/chironfils-huitres.com\/wp-content\/uploads\/2022\/11\/DSC_0033-2000x1333.jpg 2000w, https:\/\/chironfils-huitres.com\/wp-content\/uploads\/2022\/11\/DSC_0033-1000x667.jpg 1000w, https:\/\/chironfils-huitres.com\/wp-content\/uploads\/2022\/11\/DSC_0033-1800x1200.jpg 1800w, https:\/\/chironfils-huitres.com\/wp-content\/uploads\/2022\/11\/DSC_0033-600x400.jpg 600w, https:\/\/chironfils-huitres.com\/wp-content\/uploads\/2022\/11\/DSC_0033-840x560.jpg 840w\" sizes=\"(max-width: 1024px) 100vw, 1024px\" \/><\/a><\/figure><\/li><li class=\"blocks-gallery-item\"><figure><a href=\"https:\/\/chironfils-huitres.com\/wp-content\/uploads\/2022\/11\/DSC_0089-scaled.jpg\"><img loading=\"lazy\" width=\"1024\" height=\"683\" src=\"https:\/\/chironfils-huitres.com\/wp-content\/uploads\/2022\/11\/DSC_0089-1024x683.jpg\" alt=\"\" data-id=\"6880\" data-full-url=\"https:\/\/chironfils-huitres.com\/wp-content\/uploads\/2022\/11\/DSC_0089-scaled.jpg\" data-link=\"https:\/\/chironfils-huitres.com\/?attachment_id=6880\" class=\"wp-image-6880\" srcset=\"https:\/\/chironfils-huitres.com\/wp-content\/uploads\/2022\/11\/DSC_0089-1024x683.jpg 1024w, https:\/\/chironfils-huitres.com\/wp-content\/uploads\/2022\/11\/DSC_0089-300x200.jpg 300w, https:\/\/chironfils-huitres.com\/wp-content\/uploads\/2022\/11\/DSC_0089-768x512.jpg 768w, https:\/\/chironfils-huitres.com\/wp-content\/uploads\/2022\/11\/DSC_0089-83x55.jpg 83w, https:\/\/chironfils-huitres.com\/wp-content\/uploads\/2022\/11\/DSC_0089-1536x1024.jpg 1536w, https:\/\/chironfils-huitres.com\/wp-content\/uploads\/2022\/11\/DSC_0089-2048x1365.jpg 2048w, https:\/\/chironfils-huitres.com\/wp-content\/uploads\/2022\/11\/DSC_0089-2000x1333.jpg 2000w, https:\/\/chironfils-huitres.com\/wp-content\/uploads\/2022\/11\/DSC_0089-1000x667.jpg 1000w, https:\/\/chironfils-huitres.com\/wp-content\/uploads\/2022\/11\/DSC_0089-1800x1200.jpg 1800w, https:\/\/chironfils-huitres.com\/wp-content\/uploads\/2022\/11\/DSC_0089-600x400.jpg 600w, https:\/\/chironfils-huitres.com\/wp-content\/uploads\/2022\/11\/DSC_0089-840x560.jpg 840w\" sizes=\"(max-width: 1024px) 100vw, 1024px\" \/><\/a><\/figure><\/li><\/ul><\/figure>\n\n\n\n<p>La Pousse en Claire fut pendant longtemps un produit non commercialis\u00e9 par les ostr\u00e9iculteurs car r\u00e9serv\u00e9e \u00e0 quelques initi\u00e9s. Cette hu\u00eetre, certifi\u00e9e Label Rouge, est actuellement produite par quelques professionnels avertis.<\/p>\n\n\n\n<p>La Pousse en Claire a un go\u00fbt remarquable de terroir et une longueur en bouche tr\u00e8s importante.<br>C\u2019est l\u2019hu\u00eetre Marennes Ol\u00e9ron tr\u00e8s haut de gamme reconnue dans le monde entier.<\/p>\n\n\n\n<figure class=\"wp-block-gallery columns-1 is-cropped\"><ul class=\"blocks-gallery-grid\"><li class=\"blocks-gallery-item\"><figure><a href=\"https:\/\/chironfils-huitres.com\/wp-content\/uploads\/2022\/11\/Speciale-Chironfils.jpg\"><img loading=\"lazy\" width=\"1024\" height=\"645\" src=\"https:\/\/chironfils-huitres.com\/wp-content\/uploads\/2022\/11\/Speciale-Chironfils-1024x645.jpg\" alt=\"\" data-id=\"6890\" data-full-url=\"https:\/\/chironfils-huitres.com\/wp-content\/uploads\/2022\/11\/Speciale-Chironfils.jpg\" data-link=\"https:\/\/chironfils-huitres.com\/?attachment_id=6890\" class=\"wp-image-6890\" srcset=\"https:\/\/chironfils-huitres.com\/wp-content\/uploads\/2022\/11\/Speciale-Chironfils-1024x645.jpg 1024w, https:\/\/chironfils-huitres.com\/wp-content\/uploads\/2022\/11\/Speciale-Chironfils-300x189.jpg 300w, https:\/\/chironfils-huitres.com\/wp-content\/uploads\/2022\/11\/Speciale-Chironfils-768x484.jpg 768w, https:\/\/chironfils-huitres.com\/wp-content\/uploads\/2022\/11\/Speciale-Chironfils-87x55.jpg 87w, https:\/\/chironfils-huitres.com\/wp-content\/uploads\/2022\/11\/Speciale-Chironfils-1536x968.jpg 1536w, https:\/\/chironfils-huitres.com\/wp-content\/uploads\/2022\/11\/Speciale-Chironfils-2000x1260.jpg 2000w, https:\/\/chironfils-huitres.com\/wp-content\/uploads\/2022\/11\/Speciale-Chironfils-1000x630.jpg 1000w, https:\/\/chironfils-huitres.com\/wp-content\/uploads\/2022\/11\/Speciale-Chironfils-1800x1134.jpg 1800w, https:\/\/chironfils-huitres.com\/wp-content\/uploads\/2022\/11\/Speciale-Chironfils-600x378.jpg 600w, https:\/\/chironfils-huitres.com\/wp-content\/uploads\/2022\/11\/Speciale-Chironfils-889x560.jpg 889w, https:\/\/chironfils-huitres.com\/wp-content\/uploads\/2022\/11\/Speciale-Chironfils.jpg 2048w\" sizes=\"(max-width: 1024px) 100vw, 1024px\" \/><\/a><\/figure><\/li><\/ul><\/figure>\n","protected":false},"excerpt":{"rendered":"<p>L&rsquo;HU\u00ceTRE FINE DE CLAIRE VERTE LABEL ROUGE La Fine de Claire Verte a \u00e9t\u00e9 le premier produit de la mer \u00e0 obtenir le Label Rouge, bien avant les autres produits comme le Saumon ou la Coquille St Jacques. La particularit\u00e9 de la Fine de Claire Verte est d\u2019\u00eatre une hu\u00eetre [&hellip;]<\/p>\n","protected":false},"author":1,"featured_media":0,"parent":0,"menu_order":0,"comment_status":"closed","ping_status":"closed","template":"","meta":[],"_links":{"self":[{"href":"https:\/\/chironfils-huitres.com\/index.php?rest_route=\/wp\/v2\/pages\/6861"}],"collection":[{"href":"https:\/\/chironfils-huitres.com\/index.php?rest_route=\/wp\/v2\/pages"}],"about":[{"href":"https:\/\/chironfils-huitres.com\/index.php?rest_route=\/wp\/v2\/types\/page"}],"author":[{"embeddable":true,"href":"https:\/\/chironfils-huitres.com\/index.php?rest_route=\/wp\/v2\/users\/1"}],"replies":[{"embeddable":true,"href":"https:\/\/chironfils-huitres.com\/index.php?rest_route=%2Fwp%2Fv2%2Fcomments&post=6861"}],"version-history":[{"count":11,"href":"https:\/\/chironfils-huitres.com\/index.php?rest_route=\/wp\/v2\/pages\/6861\/revisions"}],"predecessor-version":[{"id":7092,"href":"https:\/\/chironfils-huitres.com\/index.php?rest_route=\/wp\/v2\/pages\/6861\/revisions\/7092"}],"wp:attachment":[{"href":"https:\/\/chironfils-huitres.com\/index.php?rest_route=%2Fwp%2Fv2%2Fmedia&parent=6861"}],"curies":[{"name":"wp","href":"https:\/\/api.w.org\/{rel}","templated":true}]}}