{"id":5884,"date":"2018-11-29T14:56:18","date_gmt":"2018-11-29T13:56:18","guid":{"rendered":"https:\/\/chironfils-huitres.com\/?post_type=product&#038;p=5884"},"modified":"2024-10-31T15:27:38","modified_gmt":"2024-10-31T14:27:38","slug":"la-fine-de-claire","status":"publish","type":"product","link":"https:\/\/chironfils-huitres.com\/?product=la-fine-de-claire","title":{"rendered":"La Fine de Claire &#8211; 7,00\u20ac\/kg"},"content":{"rendered":"<p>L&rsquo;hu\u00eetre Fine de Claire Marennes Ol\u00e9ron est une hu\u00eetre \u00e9lev\u00e9e sur nos parcs pendant 3 ans puis affin\u00e9e en Claire pendant 1 mois.<\/p>\n<p>C&rsquo;est une hu\u00eetre \u00e0 saveur marine et iod\u00e9e, tr\u00e8s appr\u00e9ci\u00e9e des amateurs d&rsquo;hu\u00eetres peu charnues.<\/p>\n","protected":false},"excerpt":{"rendered":"<p>L&rsquo;hu\u00eetre Fine de Claire Marennes Ol\u00e9ron est une hu\u00eetre \u00e9lev\u00e9e sur nos parcs pendant 3 ans puis affin\u00e9e en Claire pendant 1 mois. C&rsquo;est une hu\u00eetre \u00e0 saveur marine et iod\u00e9e, tr\u00e8s appr\u00e9ci\u00e9e des amateurs d&rsquo;hu\u00eetres peu charnues.<\/p>\n","protected":false},"featured_media":6734,"comment_status":"open","ping_status":"closed","template":"","meta":[],"_links":{"self":[{"href":"https:\/\/chironfils-huitres.com\/index.php?rest_route=\/wp\/v2\/product\/5884"}],"collection":[{"href":"https:\/\/chironfils-huitres.com\/index.php?rest_route=\/wp\/v2\/product"}],"about":[{"href":"https:\/\/chironfils-huitres.com\/index.php?rest_route=\/wp\/v2\/types\/product"}],"replies":[{"embeddable":true,"href":"https:\/\/chironfils-huitres.com\/index.php?rest_route=%2Fwp%2Fv2%2Fcomments&post=5884"}],"wp:featuredmedia":[{"embeddable":true,"href":"https:\/\/chironfils-huitres.com\/index.php?rest_route=\/wp\/v2\/media\/6734"}],"wp:attachment":[{"href":"https:\/\/chironfils-huitres.com\/index.php?rest_route=%2Fwp%2Fv2%2Fmedia&parent=5884"}],"curies":[{"name":"wp","href":"https:\/\/api.w.org\/{rel}","templated":true}]}}